{"id":3928,"date":"2021-11-18T15:21:14","date_gmt":"2021-11-18T15:21:14","guid":{"rendered":"https:\/\/brok.qodeinteractive.com\/?page_id=3928"},"modified":"2025-06-26T12:11:23","modified_gmt":"2025-06-26T10:11:23","slug":"standard","status":"publish","type":"page","link":"https:\/\/www.pecpaysage.fr\/en\/portfolio\/standard\/","title":{"rendered":"Projects"},"content":{"rendered":"\t\t<div data-elementor-type=\"wp-page\" data-elementor-id=\"3928\" class=\"elementor elementor-3928\">\n\t\t\t\t\t\t<section class=\"elementor-section elementor-top-section elementor-element elementor-element-898b63a elementor-section-full_width qodef-elementor-content-grid elementor-section-height-default elementor-section-height-default\" data-id=\"898b63a\" data-element_type=\"section\">\n\t\t\t\t\t\t<div class=\"elementor-container elementor-column-gap-default\">\n\t\t\t\t\t<div class=\"elementor-column elementor-col-100 elementor-top-column elementor-element elementor-element-b4145f4\" data-id=\"b4145f4\" data-element_type=\"column\">\n\t\t\t<div class=\"elementor-widget-wrap elementor-element-populated\">\n\t\t\t\t\t\t<div class=\"elementor-element elementor-element-2951a2b animated-slow elementor-invisible elementor-widget elementor-widget-heading\" data-id=\"2951a2b\" data-element_type=\"widget\" data-settings=\"{&quot;_animation&quot;:&quot;fadeIn&quot;}\" data-widget_type=\"heading.default\">\n\t\t\t\t<div class=\"elementor-widget-container\">\n\t\t\t\t\t<h2 class=\"elementor-heading-title elementor-size-default\">OUR PROJECTS<\/h2>\t\t\t\t<\/div>\n\t\t\t\t<\/div>\n\t\t\t\t<div class=\"elementor-element elementor-element-7b185a8 elementor-widget elementor-widget-brok_core_portfolio_list\" data-id=\"7b185a8\" data-element_type=\"widget\" data-widget_type=\"brok_core_portfolio_list.default\">\n\t\t\t\t<div class=\"elementor-widget-container\">\n\t\t\t\t\t<div class=\"qodef-shortcode qodef-m  qodef-portfolio-list qodef-item-layout--info-below   qodef-pl-appear-animation--no qodef-grid qodef-layout--masonry  qodef-gutter--medium qodef-col-num--2 qodef-item-layout--info-below qodef--no-bottom-space qodef-pagination--off qodef-responsive--custom qodef-col-num--1440--3 qodef-col-num--1366--3 qodef-col-num--1024--1 qodef-col-num--768--1 qodef-col-num--680--1 qodef-col-num--480--1 qodef-hover-animation--clip\" data-options=\"{&quot;plugin&quot;:&quot;brok_core&quot;,&quot;module&quot;:&quot;post-types\\\/portfolio\\\/shortcodes&quot;,&quot;shortcode&quot;:&quot;portfolio-list&quot;,&quot;post_type&quot;:&quot;portfolio-item&quot;,&quot;next_page&quot;:&quot;2&quot;,&quot;max_pages_num&quot;:1,&quot;behavior&quot;:&quot;masonry&quot;,&quot;columns&quot;:&quot;2&quot;,&quot;columns_responsive&quot;:&quot;custom&quot;,&quot;columns_1440&quot;:&quot;3&quot;,&quot;columns_1366&quot;:&quot;3&quot;,&quot;columns_1024&quot;:&quot;1&quot;,&quot;columns_768&quot;:&quot;1&quot;,&quot;columns_680&quot;:&quot;1&quot;,&quot;columns_480&quot;:&quot;1&quot;,&quot;space&quot;:&quot;medium&quot;,&quot;posts_per_page&quot;:&quot;15&quot;,&quot;orderby&quot;:&quot;date&quot;,&quot;order&quot;:&quot;DESC&quot;,&quot;additional_params&quot;:&quot;id&quot;,&quot;post_ids&quot;:&quot;5751,5658,5660,5656,5650,5638&quot;,&quot;layout&quot;:&quot;info-below&quot;,&quot;hover_animation_info-below&quot;:&quot;clip&quot;,&quot;hover_animation_info-follow&quot;:&quot;follow&quot;,&quot;title_tag&quot;:&quot;h5&quot;,&quot;hover_info&quot;:&quot;no&quot;,&quot;custom_margin&quot;:&quot;no&quot;,&quot;appear_animation&quot;:&quot;no&quot;,&quot;pagination_type&quot;:&quot;no-pagination&quot;,&quot;object_class_name&quot;:&quot;BrokCore_Portfolio_List_Shortcode&quot;,&quot;taxonomy_filter&quot;:&quot;portfolio-category&quot;,&quot;additional_query_args&quot;:{&quot;orderby&quot;:&quot;post__in&quot;,&quot;post__in&quot;:[&quot;5751&quot;,&quot;5658&quot;,&quot;5660&quot;,&quot;5656&quot;,&quot;5650&quot;,&quot;5638&quot;]},&quot;space_value&quot;:20}\">\n\t\t<div class=\"qodef-grid-inner clear\">\n\t\t\t<div class=\"qodef-grid-masonry-sizer\"><\/div>\n\t<div class=\"qodef-grid-masonry-gutter\"><\/div>\n<article class=\"qodef-e qodef-grid-item  post-5751 portfolio-item type-portfolio-item status-publish has-post-thumbnail hentry portfolio-category-uzes\">\n\t<div class=\"qodef-e-inner\" >\n\t\t<div class=\"qodef-e-image\">\n\t\t\t\t<div class=\"qodef-e-media-image\">\n\t\t<a itemprop=\"url\" href=\"https:\/\/www.pecpaysage.fr\/en\/portfolio-item\/mas-des-poiriers\/\" target=\"_self\">\n\t\t\t<img fetchpriority=\"high\" decoding=\"async\" width=\"800\" height=\"542\" src=\"https:\/\/www.pecpaysage.fr\/en\/wp-content\/uploads\/2024\/09\/uzes-domaine-des-poiriers-cover.jpg\" class=\"attachment-full size-full wp-post-image\" alt=\"\" srcset=\"https:\/\/www.pecpaysage.fr\/en\/wp-content\/uploads\/2024\/09\/uzes-domaine-des-poiriers-cover.jpg 800w, https:\/\/www.pecpaysage.fr\/en\/wp-content\/uploads\/2024\/09\/uzes-domaine-des-poiriers-cover-300x203.jpg 300w, https:\/\/www.pecpaysage.fr\/en\/wp-content\/uploads\/2024\/09\/uzes-domaine-des-poiriers-cover-768x520.jpg 768w\" sizes=\"(max-width: 800px) 100vw, 800px\" \/>\t\t<\/a>\n\t<\/div>\n\t\t<\/div>\n\t\t<div class=\"qodef-e-content\" >\n\t\t\t<div class=\"qodef-e-text\">\n\t\t\t\t<h5 itemprop=\"name\" class=\"qodef-e-title entry-title\" >\n\t<a itemprop=\"url\" class=\"qodef-e-title-link\" href=\"https:\/\/www.pecpaysage.fr\/en\/portfolio-item\/mas-des-poiriers\/\" target=\"_self\">\n\t\tPrivate property &#8211; Uz\u00e8s\t<\/a>\n<\/h5>\n\t\t\t<\/div>\n\t\t\t<div class=\"qodef-e-bottom-holder\">\n\t\t\t\t<div class=\"qodef-e-info\">\n\t\t\t\t\t\t<a href=\"https:\/\/www.pecpaysage.fr\/en\/portfolio-category\/uzes\/\" rel=\"tag\">Uz\u00e8s<\/a>\t<div class=\"qodef-info-separator-end\"><\/div>\n\t\t\t\t<\/div>\n\t\t\t<\/div>\n\t\t<\/div>\n\t<\/div>\n<\/article>\n<article class=\"qodef-e qodef-grid-item  post-5658 portfolio-item type-portfolio-item status-publish has-post-thumbnail hentry portfolio-category-saint-remy-de-provence\">\n\t<div class=\"qodef-e-inner\" >\n\t\t<div class=\"qodef-e-image\">\n\t\t\t\t<div class=\"qodef-e-media-image\">\n\t\t<a itemprop=\"url\" href=\"https:\/\/www.pecpaysage.fr\/en\/portfolio-item\/saint-remy-de-provence\/\" target=\"_self\">\n\t\t\t<img decoding=\"async\" width=\"800\" height=\"1023\" src=\"https:\/\/www.pecpaysage.fr\/en\/wp-content\/uploads\/2024\/09\/h1-port-list-m-5.jpg\" class=\"attachment-full size-full wp-post-image\" alt=\"\" srcset=\"https:\/\/www.pecpaysage.fr\/en\/wp-content\/uploads\/2024\/09\/h1-port-list-m-5.jpg 800w, https:\/\/www.pecpaysage.fr\/en\/wp-content\/uploads\/2024\/09\/h1-port-list-m-5-235x300.jpg 235w, https:\/\/www.pecpaysage.fr\/en\/wp-content\/uploads\/2024\/09\/h1-port-list-m-5-768x982.jpg 768w\" sizes=\"(max-width: 800px) 100vw, 800px\" \/>\t\t<\/a>\n\t<\/div>\n\t\t<\/div>\n\t\t<div class=\"qodef-e-content\" >\n\t\t\t<div class=\"qodef-e-text\">\n\t\t\t\t<h5 itemprop=\"name\" class=\"qodef-e-title entry-title\" >\n\t<a itemprop=\"url\" class=\"qodef-e-title-link\" href=\"https:\/\/www.pecpaysage.fr\/en\/portfolio-item\/saint-remy-de-provence\/\" target=\"_self\">\n\t\tPrivate property &#8211; Saint-R\u00e9my-de-Provence\t<\/a>\n<\/h5>\n\t\t\t<\/div>\n\t\t\t<div class=\"qodef-e-bottom-holder\">\n\t\t\t\t<div class=\"qodef-e-info\">\n\t\t\t\t\t\t<a href=\"https:\/\/www.pecpaysage.fr\/en\/portfolio-category\/saint-remy-de-provence\/\" rel=\"tag\">Saint-R\u00e9my-de-Provence<\/a>\t<div class=\"qodef-info-separator-end\"><\/div>\n\t\t\t\t<\/div>\n\t\t\t<\/div>\n\t\t<\/div>\n\t<\/div>\n<\/article>\n<article class=\"qodef-e qodef-grid-item  post-5660 portfolio-item type-portfolio-item status-publish has-post-thumbnail hentry portfolio-category-bonnieux\">\n\t<div class=\"qodef-e-inner\" >\n\t\t<div class=\"qodef-e-image\">\n\t\t\t\t<div class=\"qodef-e-media-image\">\n\t\t<a itemprop=\"url\" href=\"https:\/\/www.pecpaysage.fr\/en\/portfolio-item\/bonnieux\/\" target=\"_self\">\n\t\t\t<img decoding=\"async\" width=\"800\" height=\"542\" src=\"https:\/\/www.pecpaysage.fr\/en\/wp-content\/uploads\/2024\/09\/h1-port-list-m-6.jpg\" class=\"attachment-full size-full wp-post-image\" alt=\"\" srcset=\"https:\/\/www.pecpaysage.fr\/en\/wp-content\/uploads\/2024\/09\/h1-port-list-m-6.jpg 800w, https:\/\/www.pecpaysage.fr\/en\/wp-content\/uploads\/2024\/09\/h1-port-list-m-6-300x203.jpg 300w, https:\/\/www.pecpaysage.fr\/en\/wp-content\/uploads\/2024\/09\/h1-port-list-m-6-768x520.jpg 768w\" sizes=\"(max-width: 800px) 100vw, 800px\" \/>\t\t<\/a>\n\t<\/div>\n\t\t<\/div>\n\t\t<div class=\"qodef-e-content\" >\n\t\t\t<div class=\"qodef-e-text\">\n\t\t\t\t<h5 itemprop=\"name\" class=\"qodef-e-title entry-title\" >\n\t<a itemprop=\"url\" class=\"qodef-e-title-link\" href=\"https:\/\/www.pecpaysage.fr\/en\/portfolio-item\/bonnieux\/\" target=\"_self\">\n\t\tPrivate property &#8211; Bonnieux\t<\/a>\n<\/h5>\n\t\t\t<\/div>\n\t\t\t<div class=\"qodef-e-bottom-holder\">\n\t\t\t\t<div class=\"qodef-e-info\">\n\t\t\t\t\t\t<a href=\"https:\/\/www.pecpaysage.fr\/en\/portfolio-category\/bonnieux\/\" rel=\"tag\">Bonnieux<\/a>\t<div class=\"qodef-info-separator-end\"><\/div>\n\t\t\t\t<\/div>\n\t\t\t<\/div>\n\t\t<\/div>\n\t<\/div>\n<\/article>\n<article class=\"qodef-e qodef-grid-item  post-5656 portfolio-item type-portfolio-item status-publish has-post-thumbnail hentry portfolio-category-arles\">\n\t<div class=\"qodef-e-inner\" >\n\t\t<div class=\"qodef-e-image\">\n\t\t\t\t<div class=\"qodef-e-media-image\">\n\t\t<a itemprop=\"url\" href=\"https:\/\/www.pecpaysage.fr\/en\/portfolio-item\/luma\/\" target=\"_self\">\n\t\t\t<img loading=\"lazy\" decoding=\"async\" width=\"800\" height=\"760\" src=\"https:\/\/www.pecpaysage.fr\/en\/wp-content\/uploads\/2024\/09\/h1-port-list-m-4.jpg\" class=\"attachment-full size-full wp-post-image\" alt=\"\" srcset=\"https:\/\/www.pecpaysage.fr\/en\/wp-content\/uploads\/2024\/09\/h1-port-list-m-4.jpg 800w, https:\/\/www.pecpaysage.fr\/en\/wp-content\/uploads\/2024\/09\/h1-port-list-m-4-300x285.jpg 300w, https:\/\/www.pecpaysage.fr\/en\/wp-content\/uploads\/2024\/09\/h1-port-list-m-4-768x730.jpg 768w\" sizes=\"(max-width: 800px) 100vw, 800px\" \/>\t\t<\/a>\n\t<\/div>\n\t\t<\/div>\n\t\t<div class=\"qodef-e-content\" >\n\t\t\t<div class=\"qodef-e-text\">\n\t\t\t\t<h5 itemprop=\"name\" class=\"qodef-e-title entry-title\" >\n\t<a itemprop=\"url\" class=\"qodef-e-title-link\" href=\"https:\/\/www.pecpaysage.fr\/en\/portfolio-item\/luma\/\" target=\"_self\">\n\t\tLuma &#8211; Arles\t<\/a>\n<\/h5>\n\t\t\t<\/div>\n\t\t\t<div class=\"qodef-e-bottom-holder\">\n\t\t\t\t<div class=\"qodef-e-info\">\n\t\t\t\t\t\t<a href=\"https:\/\/www.pecpaysage.fr\/en\/portfolio-category\/arles\/\" rel=\"tag\">Arles<\/a>\t<div class=\"qodef-info-separator-end\"><\/div>\n\t\t\t\t<\/div>\n\t\t\t<\/div>\n\t\t<\/div>\n\t<\/div>\n<\/article>\n<article class=\"qodef-e qodef-grid-item  post-5650 portfolio-item type-portfolio-item status-publish has-post-thumbnail hentry portfolio-category-cagnes-sur-mer\">\n\t<div class=\"qodef-e-inner\" >\n\t\t<div class=\"qodef-e-image\">\n\t\t\t\t<div class=\"qodef-e-media-image\">\n\t\t<a itemprop=\"url\" href=\"https:\/\/www.pecpaysage.fr\/en\/portfolio-item\/polygone-riviera\/\" target=\"_self\">\n\t\t\t<img loading=\"lazy\" decoding=\"async\" width=\"800\" height=\"993\" src=\"https:\/\/www.pecpaysage.fr\/en\/wp-content\/uploads\/2024\/09\/coverpolygone.jpg\" class=\"attachment-full size-full wp-post-image\" alt=\"\" srcset=\"https:\/\/www.pecpaysage.fr\/en\/wp-content\/uploads\/2024\/09\/coverpolygone.jpg 800w, https:\/\/www.pecpaysage.fr\/en\/wp-content\/uploads\/2024\/09\/coverpolygone-242x300.jpg 242w, https:\/\/www.pecpaysage.fr\/en\/wp-content\/uploads\/2024\/09\/coverpolygone-768x953.jpg 768w\" sizes=\"(max-width: 800px) 100vw, 800px\" \/>\t\t<\/a>\n\t<\/div>\n\t\t<\/div>\n\t\t<div class=\"qodef-e-content\" >\n\t\t\t<div class=\"qodef-e-text\">\n\t\t\t\t<h5 itemprop=\"name\" class=\"qodef-e-title entry-title\" >\n\t<a itemprop=\"url\" class=\"qodef-e-title-link\" href=\"https:\/\/www.pecpaysage.fr\/en\/portfolio-item\/polygone-riviera\/\" target=\"_self\">\n\t\tShopping Promenade Riviera &#8211; Cagnes-sur-Mer\t<\/a>\n<\/h5>\n\t\t\t<\/div>\n\t\t\t<div class=\"qodef-e-bottom-holder\">\n\t\t\t\t<div class=\"qodef-e-info\">\n\t\t\t\t\t\t<a href=\"https:\/\/www.pecpaysage.fr\/en\/portfolio-category\/cagnes-sur-mer\/\" rel=\"tag\">Cagnes-sur-Mer<\/a>\t<div class=\"qodef-info-separator-end\"><\/div>\n\t\t\t\t<\/div>\n\t\t\t<\/div>\n\t\t<\/div>\n\t<\/div>\n<\/article>\n<article class=\"qodef-e qodef-grid-item  post-5638 portfolio-item type-portfolio-item status-publish has-post-thumbnail hentry portfolio-category-mougins\">\n\t<div class=\"qodef-e-inner\" >\n\t\t<div class=\"qodef-e-image\">\n\t\t\t\t<div class=\"qodef-e-media-image\">\n\t\t<a itemprop=\"url\" href=\"https:\/\/www.pecpaysage.fr\/en\/portfolio-item\/propriete-privee-mougins\/\" target=\"_self\">\n\t\t\t<img loading=\"lazy\" decoding=\"async\" width=\"1920\" height=\"967\" src=\"https:\/\/www.pecpaysage.fr\/en\/wp-content\/uploads\/2024\/09\/h1-port-list-img-2-3.jpg\" class=\"attachment-full size-full wp-post-image\" alt=\"Loveland\" srcset=\"https:\/\/www.pecpaysage.fr\/en\/wp-content\/uploads\/2024\/09\/h1-port-list-img-2-3.jpg 1920w, https:\/\/www.pecpaysage.fr\/en\/wp-content\/uploads\/2024\/09\/h1-port-list-img-2-3-300x151.jpg 300w, https:\/\/www.pecpaysage.fr\/en\/wp-content\/uploads\/2024\/09\/h1-port-list-img-2-3-1024x516.jpg 1024w, https:\/\/www.pecpaysage.fr\/en\/wp-content\/uploads\/2024\/09\/h1-port-list-img-2-3-768x387.jpg 768w, https:\/\/www.pecpaysage.fr\/en\/wp-content\/uploads\/2024\/09\/h1-port-list-img-2-3-1536x774.jpg 1536w\" sizes=\"(max-width: 1920px) 100vw, 1920px\" \/>\t\t<\/a>\n\t<\/div>\n\t\t<\/div>\n\t\t<div class=\"qodef-e-content\" >\n\t\t\t<div class=\"qodef-e-text\">\n\t\t\t\t<h5 itemprop=\"name\" class=\"qodef-e-title entry-title\" >\n\t<a itemprop=\"url\" class=\"qodef-e-title-link\" href=\"https:\/\/www.pecpaysage.fr\/en\/portfolio-item\/propriete-privee-mougins\/\" target=\"_self\">\n\t\tPrivate property &#8211; Mougins\t<\/a>\n<\/h5>\n\t\t\t<\/div>\n\t\t\t<div class=\"qodef-e-bottom-holder\">\n\t\t\t\t<div class=\"qodef-e-info\">\n\t\t\t\t\t\t<a href=\"https:\/\/www.pecpaysage.fr\/en\/portfolio-category\/mougins\/\" rel=\"tag\">Mougins<\/a>\t<div class=\"qodef-info-separator-end\"><\/div>\n\t\t\t\t<\/div>\n\t\t\t<\/div>\n\t\t<\/div>\n\t<\/div>\n<\/article>\n\t<\/div>\n\t<\/div>\n\t\t\t\t<\/div>\n\t\t\t\t<\/div>\n\t\t\t\t\t<\/div>\n\t\t<\/div>\n\t\t\t\t\t<\/div>\n\t\t<\/section>\n\t\t\t\t<\/div>\n\t\t","protected":false},"excerpt":{"rendered":"<p>OUR PROJECTS Mas des Poiriers Uz\u00e8s Villa Privative Saint-R\u00e9my-de-Provence Villa Privative Bonnieux Luma Arles Polygone Riviera Cagnes-sur-Mer Propri\u00e9t\u00e9 priv\u00e9e Mougins<\/p>\n","protected":false},"author":1,"featured_media":0,"parent":2201,"menu_order":0,"comment_status":"closed","ping_status":"closed","template":"page-full-width.php","meta":{"footnotes":""},"class_list":["post-3928","page","type-page","status-publish","hentry"],"_links":{"self":[{"href":"https:\/\/www.pecpaysage.fr\/en\/wp-json\/wp\/v2\/pages\/3928","targetHints":{"allow":["GET"]}}],"collection":[{"href":"https:\/\/www.pecpaysage.fr\/en\/wp-json\/wp\/v2\/pages"}],"about":[{"href":"https:\/\/www.pecpaysage.fr\/en\/wp-json\/wp\/v2\/types\/page"}],"author":[{"embeddable":true,"href":"https:\/\/www.pecpaysage.fr\/en\/wp-json\/wp\/v2\/users\/1"}],"replies":[{"embeddable":true,"href":"https:\/\/www.pecpaysage.fr\/en\/wp-json\/wp\/v2\/comments?post=3928"}],"version-history":[{"count":8,"href":"https:\/\/www.pecpaysage.fr\/en\/wp-json\/wp\/v2\/pages\/3928\/revisions"}],"predecessor-version":[{"id":6838,"href":"https:\/\/www.pecpaysage.fr\/en\/wp-json\/wp\/v2\/pages\/3928\/revisions\/6838"}],"up":[{"embeddable":true,"href":"https:\/\/www.pecpaysage.fr\/en\/wp-json\/wp\/v2\/pages\/2201"}],"wp:attachment":[{"href":"https:\/\/www.pecpaysage.fr\/en\/wp-json\/wp\/v2\/media?parent=3928"}],"curies":[{"name":"wp","href":"https:\/\/api.w.org\/{rel}","templated":true}]}}